{"id":76,"date":"2019-09-11T18:28:49","date_gmt":"2019-09-11T16:28:49","guid":{"rendered":"http:\/\/cap-ailly.com\/capaillyblog\/?page_id=76"},"modified":"2026-02-25T08:47:24","modified_gmt":"2026-02-25T07:47:24","slug":"a-la-une","status":"publish","type":"page","link":"https:\/\/cap-ailly.com\/capaillyblog\/","title":{"rendered":"\u00c9V\u00c9NEMENTS"},"content":{"rendered":"\n<h3 class=\"wp-block-heading\"><em>ADH\u00c9SIONS 2026<\/em><\/h3>\n\n\n\n<p>La campagne d&rsquo;adh\u00e9sion 2026 est lanc\u00e9e ! Rejoingnez-nous et apportez votre soutien aux actions de CAP d&rsquo;Ailly ! <\/p>\n\n\n\n<p><a href=\"https:\/\/cap-ailly.com\/capaillyblog\/infos-news\/\" data-type=\"post\" data-id=\"703\"><strong>Adh\u00e9rer<\/strong><\/a><\/p>\n\n\n\n<figure class=\"wp-block-image size-large\"><img loading=\"lazy\" decoding=\"async\" width=\"1024\" height=\"1024\" src=\"https:\/\/cap-ailly.com\/capaillyblog\/wp-content\/uploads\/2026\/02\/Design-sans-titre-1-1024x1024.jpg\" alt=\"\" class=\"wp-image-796\" srcset=\"https:\/\/cap-ailly.com\/capaillyblog\/wp-content\/uploads\/2026\/02\/Design-sans-titre-1-1024x1024.jpg 1024w, https:\/\/cap-ailly.com\/capaillyblog\/wp-content\/uploads\/2026\/02\/Design-sans-titre-1-300x300.jpg 300w, https:\/\/cap-ailly.com\/capaillyblog\/wp-content\/uploads\/2026\/02\/Design-sans-titre-1-150x150.jpg 150w, https:\/\/cap-ailly.com\/capaillyblog\/wp-content\/uploads\/2026\/02\/Design-sans-titre-1-768x768.jpg 768w, https:\/\/cap-ailly.com\/capaillyblog\/wp-content\/uploads\/2026\/02\/Design-sans-titre-1-1536x1536.jpg 1536w, https:\/\/cap-ailly.com\/capaillyblog\/wp-content\/uploads\/2026\/02\/Design-sans-titre-1-100x100.jpg 100w, https:\/\/cap-ailly.com\/capaillyblog\/wp-content\/uploads\/2026\/02\/Design-sans-titre-1.jpg 2048w\" sizes=\"auto, (max-width: 767px) 89vw, (max-width: 1000px) 54vw, (max-width: 1071px) 543px, 580px\" \/><\/figure>\n\n\n\n<hr class=\"wp-block-separator has-alpha-channel-opacity\"\/>\n\n\n\n<p><\/p>\n","protected":false},"excerpt":{"rendered":"<p>ADH\u00c9SIONS 2026 La campagne d&rsquo;adh\u00e9sion 2026 est lanc\u00e9e ! Rejoingnez-nous et apportez votre soutien aux actions de CAP d&rsquo;Ailly ! Adh\u00e9rer<\/p>\n","protected":false},"author":9,"featured_media":43,"parent":0,"menu_order":0,"comment_status":"closed","ping_status":"closed","template":"","meta":{"footnotes":""},"class_list":["post-76","page","type-page","status-publish","has-post-thumbnail","hentry"],"_links":{"self":[{"href":"https:\/\/cap-ailly.com\/capaillyblog\/wp-json\/wp\/v2\/pages\/76","targetHints":{"allow":["GET"]}}],"collection":[{"href":"https:\/\/cap-ailly.com\/capaillyblog\/wp-json\/wp\/v2\/pages"}],"about":[{"href":"https:\/\/cap-ailly.com\/capaillyblog\/wp-json\/wp\/v2\/types\/page"}],"author":[{"embeddable":true,"href":"https:\/\/cap-ailly.com\/capaillyblog\/wp-json\/wp\/v2\/users\/9"}],"replies":[{"embeddable":true,"href":"https:\/\/cap-ailly.com\/capaillyblog\/wp-json\/wp\/v2\/comments?post=76"}],"version-history":[{"count":50,"href":"https:\/\/cap-ailly.com\/capaillyblog\/wp-json\/wp\/v2\/pages\/76\/revisions"}],"predecessor-version":[{"id":803,"href":"https:\/\/cap-ailly.com\/capaillyblog\/wp-json\/wp\/v2\/pages\/76\/revisions\/803"}],"wp:featuredmedia":[{"embeddable":true,"href":"https:\/\/cap-ailly.com\/capaillyblog\/wp-json\/wp\/v2\/media\/43"}],"wp:attachment":[{"href":"https:\/\/cap-ailly.com\/capaillyblog\/wp-json\/wp\/v2\/media?parent=76"}],"curies":[{"name":"wp","href":"https:\/\/api.w.org\/{rel}","templated":true}]}}