{"id":337,"date":"2019-10-22T20:37:41","date_gmt":"2019-10-22T18:37:41","guid":{"rendered":"https:\/\/cap-ailly.com\/capaillyblog\/?page_id=337"},"modified":"2019-10-22T20:37:43","modified_gmt":"2019-10-22T18:37:43","slug":"documents-sur-le-phare","status":"publish","type":"page","link":"https:\/\/cap-ailly.com\/capaillyblog\/le_phare\/documents-sur-le-phare\/","title":{"rendered":"Documents sur le Phare"},"content":{"rendered":"\n<p>CAP Ailly a recherch\u00e9 et regroup\u00e9 de nombreux documents historiques relatifs au phare. Publications, Plans, Photos, R\u00e9cits,&#8230;<\/p>\n\n\n\n<p>Nous sommes heureux de les mettre \u00e0 votre disposition.<\/p>\n","protected":false},"excerpt":{"rendered":"<p>CAP Ailly a recherch\u00e9 et regroup\u00e9 de nombreux documents historiques relatifs au phare. Publications, Plans, Photos, R\u00e9cits,&#8230; Nous sommes heureux de les mettre \u00e0 votre disposition.<\/p>\n","protected":false},"author":1,"featured_media":0,"parent":2,"menu_order":0,"comment_status":"closed","ping_status":"closed","template":"","meta":{"footnotes":""},"class_list":["post-337","page","type-page","status-publish","hentry"],"_links":{"self":[{"href":"https:\/\/cap-ailly.com\/capaillyblog\/wp-json\/wp\/v2\/pages\/337","targetHints":{"allow":["GET"]}}],"collection":[{"href":"https:\/\/cap-ailly.com\/capaillyblog\/wp-json\/wp\/v2\/pages"}],"about":[{"href":"https:\/\/cap-ailly.com\/capaillyblog\/wp-json\/wp\/v2\/types\/page"}],"author":[{"embeddable":true,"href":"https:\/\/cap-ailly.com\/capaillyblog\/wp-json\/wp\/v2\/users\/1"}],"replies":[{"embeddable":true,"href":"https:\/\/cap-ailly.com\/capaillyblog\/wp-json\/wp\/v2\/comments?post=337"}],"version-history":[{"count":1,"href":"https:\/\/cap-ailly.com\/capaillyblog\/wp-json\/wp\/v2\/pages\/337\/revisions"}],"predecessor-version":[{"id":338,"href":"https:\/\/cap-ailly.com\/capaillyblog\/wp-json\/wp\/v2\/pages\/337\/revisions\/338"}],"up":[{"embeddable":true,"href":"https:\/\/cap-ailly.com\/capaillyblog\/wp-json\/wp\/v2\/pages\/2"}],"wp:attachment":[{"href":"https:\/\/cap-ailly.com\/capaillyblog\/wp-json\/wp\/v2\/media?parent=337"}],"curies":[{"name":"wp","href":"https:\/\/api.w.org\/{rel}","templated":true}]}}